{"id":780,"date":"2023-03-25T02:35:02","date_gmt":"2023-03-24T23:35:02","guid":{"rendered":"https:\/\/kids.topenglish.md\/?page_id=780"},"modified":"2023-03-28T01:38:08","modified_gmt":"2023-03-27T22:38:08","slug":"why-test-kids","status":"publish","type":"page","link":"https:\/\/kids.topenglish.md\/ro\/why-test-kids\/","title":{"rendered":"De ce Test Kids?"},"content":{"rendered":"<p><\/p>\n<h4><span style=\"color: #800080;\">Filiala pentru copii TEST Kids v\u0103 propune ore de studiere axate nu doar pe \u00eensu\u015firea <strong>limbii engleze<\/strong>, dar \u015fi pe dezvoltarea intelectual\u0103, cognitiv\u0103 \u015fi estetic\u0103 a copilului dumneavoastr\u0103, pe dezvoltarea sa multilateral\u0103<\/span><\/h4>\n<h4><span style=\"color: #800080;\">La TEST Kids g\u0103si\u0163i o ambian\u0163\u0103 deosebit\u0103, de c\u0103ldur\u0103 sufleteasc\u0103 \u015fi confort, care le va oferi tuturor micu\u0163ilor posibilitatea s\u0103 \u00eensu\u015feasc\u0103 limba u\u015for \u015fi captivant. <strong>Copilul<\/strong> dumneavoastr\u0103, deja de la 4 ani\u015fori, poate \u00eencepe studierea limbii engleze la centrul nostru. Anume de la aceast\u0103 v\u00eerst\u0103 odora\u015fii \u00eensu\u015fesc mai repede \u015fi mai lesne tot ce e nou \u015fi interesant, mai ales, c\u0103 lec\u0163iile sunt organizate \u00een form\u0103 de joc, doar \u00een <strong>limba englez\u0103<\/strong>. Metodica \u015fi manualele de studiu sunt adaptate, \u00een func\u0163ie de nivelul \u00eenregistrat de oricare dintre grupe. \u00a0Fiecare dintre profesorii no\u015ftri g\u0103se\u015fte chei\u0163a proprie pentru ori\u015fice copil. Principiile fundamentale \u00een atitudinea fa\u0163\u0103 de micu\u0163i sunt dragostea \u015fi bun\u0103voin\u0163a. Noi nu impunem, ci cre\u0103m o atmosfer\u0103 de studiere \u015fi creativitate, care le permite copiilor s\u0103 \u00eenve\u0163e cu mult zel \u015fi pl\u0103cere.<br \/>\n<\/span><\/h4>\n<h4><span style=\"color: #800080;\"><em>Oferi\u0163i-le copiilor tot ce e mai bun!<\/em><\/span><\/h4>\n<p><\/p>","protected":false},"excerpt":{"rendered":"<p>Filiala pentru copii TEST Kids v\u0103 propune ore de studiere axate nu doar pe \u00eensu\u015firea limbii engleze, dar \u015fi pe dezvoltarea intelectual\u0103, cognitiv\u0103 \u015fi estetic\u0103 <\/p>\n","protected":false},"author":1,"featured_media":0,"parent":0,"menu_order":0,"comment_status":"closed","ping_status":"closed","template":"","meta":{"footnotes":""},"class_list":["post-780","page","type-page","status-publish","hentry"],"aioseo_notices":[],"_links":{"self":[{"href":"https:\/\/kids.topenglish.md\/ro\/wp-json\/wp\/v2\/pages\/780","targetHints":{"allow":["GET"]}}],"collection":[{"href":"https:\/\/kids.topenglish.md\/ro\/wp-json\/wp\/v2\/pages"}],"about":[{"href":"https:\/\/kids.topenglish.md\/ro\/wp-json\/wp\/v2\/types\/page"}],"author":[{"embeddable":true,"href":"https:\/\/kids.topenglish.md\/ro\/wp-json\/wp\/v2\/users\/1"}],"replies":[{"embeddable":true,"href":"https:\/\/kids.topenglish.md\/ro\/wp-json\/wp\/v2\/comments?post=780"}],"version-history":[{"count":3,"href":"https:\/\/kids.topenglish.md\/ro\/wp-json\/wp\/v2\/pages\/780\/revisions"}],"predecessor-version":[{"id":783,"href":"https:\/\/kids.topenglish.md\/ro\/wp-json\/wp\/v2\/pages\/780\/revisions\/783"}],"wp:attachment":[{"href":"https:\/\/kids.topenglish.md\/ro\/wp-json\/wp\/v2\/media?parent=780"}],"curies":[{"name":"wp","href":"https:\/\/api.w.org\/{rel}","templated":true}]}}